{"id":87,"date":"2023-04-26T17:00:47","date_gmt":"2023-04-26T17:00:47","guid":{"rendered":"https:\/\/reputationstandard.com\/?page_id=87"},"modified":"2024-05-21T06:36:21","modified_gmt":"2024-05-21T06:36:21","slug":"star-of-reputation-order","status":"publish","type":"page","link":"https:\/\/reputationstandard.com\/fr\/star-of-reputation-order\/","title":{"rendered":"ORDRE D&#039;\u00c9TOILES DE R\u00c9PUTATION"},"content":{"rendered":"<div data-elementor-type=\"wp-post\" data-elementor-id=\"87\" class=\"elementor elementor-87\" data-elementor-settings=\"[]\">\n\t\t\t\t\t\t\t<div class=\"elementor-section-wrap\">\n\t\t\t\t\t\t\t<section class=\"elementor-section elementor-top-section elementor-element elementor-element-9030660 elementor-section-boxed elementor-section-height-default elementor-section-height-default\" data-id=\"9030660\" data-element_type=\"section\">\n\t\t\t\t\t\t<div class=\"elementor-container elementor-column-gap-custom\">\n\t\t\t\t\t<div class=\"elementor-column elementor-col-50 elementor-top-column elementor-element elementor-element-a8758cf\" data-id=\"a8758cf\" data-element_type=\"column\">\n\t\t\t<div class=\"elementor-widget-wrap elementor-element-populated\">\n\t\t\t\t\t\t\t\t<div class=\"elementor-element elementor-element-f1760fd elementor-widget elementor-widget-heading\" data-id=\"f1760fd\" data-element_type=\"widget\" data-widget_type=\"heading.default\">\n\t\t\t\t<div class=\"elementor-widget-container\">\n\t\t\t<h2 class=\"elementor-heading-title elementor-size-default\">ORDRE D&#039;\u00c9TOILES DE R\u00c9PUTATION<\/h2>\t\t<\/div>\n\t\t\t\t<\/div>\n\t\t\t\t\t<\/div>\n\t\t<\/div>\n\t\t\t\t<div class=\"elementor-column elementor-col-50 elementor-top-column elementor-element elementor-element-541f4c6 elementor-hidden-phone\" data-id=\"541f4c6\" data-element_type=\"column\">\n\t\t\t<div class=\"elementor-widget-wrap elementor-element-populated\">\n\t\t\t\t\t\t\t\t<div class=\"elementor-element elementor-element-08907d8 elementor-hidden-phone elementor-widget elementor-widget-spacer\" data-id=\"08907d8\" data-element_type=\"widget\" data-widget_type=\"spacer.default\">\n\t\t\t\t<div class=\"elementor-widget-container\">\n\t\t\t\t\t<div class=\"elementor-spacer\">\n\t\t\t<div class=\"elementor-spacer-inner\"><\/div>\n\t\t<\/div>\n\t\t\t\t<\/div>\n\t\t\t\t<\/div>\n\t\t\t\t<div class=\"elementor-element elementor-element-4e6327a elementor-position-right elementor-vertical-align-middle elementor-widget__width-initial elementor-view-default elementor-widget elementor-widget-icon-box\" data-id=\"4e6327a\" data-element_type=\"widget\" data-widget_type=\"icon-box.default\">\n\t\t\t\t<div class=\"elementor-widget-container\">\n\t\t\t\t\t<div class=\"elementor-icon-box-wrapper\">\n\t\t\t\t\t\t<div class=\"elementor-icon-box-icon\">\n\t\t\t\t<a class=\"elementor-icon elementor-animation-\" href=\"https:\/\/reputationstandard.com\/fr\/award-for-high-reputation\/\">\n\t\t\t\t<i aria-hidden=\"true\" class=\"fas fa-arrow-alt-circle-right\"><\/i>\t\t\t\t<\/a>\n\t\t\t<\/div>\n\t\t\t\t\t\t<div class=\"elementor-icon-box-content\">\n\t\t\t\t<h3 class=\"elementor-icon-box-title\">\n\t\t\t\t\t<a href=\"https:\/\/reputationstandard.com\/fr\/award-for-high-reputation\/\"><\/a>\n\t\t\t\t<\/h3>\n\t\t\t\t\t\t\t\t<p class=\"elementor-icon-box-description\"><a style=\"color:white;\" href=\"https:\/\/reputationstandard.com\/fr\/award-for-high-reputation\/\"> PRIX POUR LA HAUTE R\u00c9PUTATION <\/a>\n \n<\/p>\n\t\t\t\t\t\t\t<\/div>\n\t\t<\/div>\n\t\t\t\t<\/div>\n\t\t\t\t<\/div>\n\t\t\t\t<div class=\"elementor-element elementor-element-8739af3 elementor-position-right elementor-vertical-align-middle elementor-widget__width-initial elementor-view-default elementor-widget elementor-widget-icon-box\" data-id=\"8739af3\" data-element_type=\"widget\" data-widget_type=\"icon-box.default\">\n\t\t\t\t<div class=\"elementor-widget-container\">\n\t\t\t\t\t<div class=\"elementor-icon-box-wrapper\">\n\t\t\t\t\t\t<div class=\"elementor-icon-box-icon\">\n\t\t\t\t<a class=\"elementor-icon elementor-animation-\" href=\"https:\/\/reputationstandard.com\/fr\/award-ceremony\/\">\n\t\t\t\t<i aria-hidden=\"true\" class=\"fas fa-arrow-alt-circle-right\"><\/i>\t\t\t\t<\/a>\n\t\t\t<\/div>\n\t\t\t\t\t\t<div class=\"elementor-icon-box-content\">\n\t\t\t\t<h3 class=\"elementor-icon-box-title\">\n\t\t\t\t\t<a href=\"https:\/\/reputationstandard.com\/fr\/award-ceremony\/\"><\/a>\n\t\t\t\t<\/h3>\n\t\t\t\t\t\t\t\t<p class=\"elementor-icon-box-description\"><a style=\"color:white;\" href=\"https:\/\/reputationstandard.com\/fr\/award-ceremony\/\"> REMISE DES PRIX <\/a>\n <\/p>\n\t\t\t\t\t\t\t<\/div>\n\t\t<\/div>\n\t\t\t\t<\/div>\n\t\t\t\t<\/div>\n\t\t\t\t\t<\/div>\n\t\t<\/div>\n\t\t\t\t\t\t\t<\/div>\n\t\t<\/section>\n\t\t\t\t<section class=\"elementor-section elementor-top-section elementor-element elementor-element-8dba4d2 elementor-section-boxed elementor-section-height-default elementor-section-height-default\" data-id=\"8dba4d2\" data-element_type=\"section\">\n\t\t\t\t\t\t<div class=\"elementor-container elementor-column-gap-default\">\n\t\t\t\t\t<div class=\"elementor-column elementor-col-100 elementor-top-column elementor-element elementor-element-f953add\" data-id=\"f953add\" data-element_type=\"column\">\n\t\t\t<div class=\"elementor-widget-wrap elementor-element-populated\">\n\t\t\t\t\t\t\t\t<div class=\"elementor-element elementor-element-753be90 elementor-widget elementor-widget-shortcode\" data-id=\"753be90\" data-element_type=\"widget\" data-widget_type=\"shortcode.default\">\n\t\t\t\t<div class=\"elementor-widget-container\">\n\t\t\t\t\t<div class=\"elementor-shortcode\"><\/div>\n\t\t\t\t<\/div>\n\t\t\t\t<\/div>\n\t\t\t\t\t<\/div>\n\t\t<\/div>\n\t\t\t\t\t\t\t<\/div>\n\t\t<\/section>\n\t\t\t\t<section class=\"elementor-section elementor-top-section elementor-element elementor-element-8126f38 elementor-hidden-desktop elementor-hidden-tablet elementor-section-boxed elementor-section-height-default elementor-section-height-default\" data-id=\"8126f38\" data-element_type=\"section\">\n\t\t\t\t\t\t<div class=\"elementor-container elementor-column-gap-default\">\n\t\t\t\t\t<div class=\"elementor-column elementor-col-50 elementor-top-column elementor-element elementor-element-f597feb elementor-hidden-desktop elementor-hidden-tablet\" data-id=\"f597feb\" data-element_type=\"column\">\n\t\t\t<div class=\"elementor-widget-wrap elementor-element-populated\">\n\t\t\t\t\t\t\t\t<div class=\"elementor-element elementor-element-c05ff76 elementor-widget elementor-widget-heading\" data-id=\"c05ff76\" data-element_type=\"widget\" data-widget_type=\"heading.default\">\n\t\t\t\t<div class=\"elementor-widget-container\">\n\t\t\t<h2 class=\"elementor-heading-title elementor-size-default\"><a href=\"https:\/\/reputationstandard.com\/fr\/award-for-high-reputation\/\">PRIX POUR LA HAUTE R\u00c9PUTATION<\/a><\/h2>\t\t<\/div>\n\t\t\t\t<\/div>\n\t\t\t\t\t<\/div>\n\t\t<\/div>\n\t\t\t\t<div class=\"elementor-column elementor-col-50 elementor-top-column elementor-element elementor-element-4d9920f elementor-hidden-desktop elementor-hidden-tablet\" data-id=\"4d9920f\" data-element_type=\"column\">\n\t\t\t<div class=\"elementor-widget-wrap elementor-element-populated\">\n\t\t\t\t\t\t\t\t<div class=\"elementor-element elementor-element-f8c81ce elementor-view-default elementor-widget elementor-widget-icon\" data-id=\"f8c81ce\" data-element_type=\"widget\" data-widget_type=\"icon.default\">\n\t\t\t\t<div class=\"elementor-widget-container\">\n\t\t\t\t\t<div class=\"elementor-icon-wrapper\">\n\t\t\t<a class=\"elementor-icon\" href=\"https:\/\/reputationstandard.com\/fr\/award-for-high-reputation\/\">\n\t\t\t<svg xmlns=\"http:\/\/www.w3.org\/2000\/svg\" width=\"29\" height=\"22\" viewbox=\"0 0 29 22\" fill=\"none\"><path d=\"M18.125 22L15.5875 19.3417L22.0219 12.8333H0V9.16667H22.0219L15.5875 2.65833L18.125 0L29 11L18.125 22Z\" fill=\"#334D42\"><\/path><\/svg>\t\t\t<\/a>\n\t\t<\/div>\n\t\t\t\t<\/div>\n\t\t\t\t<\/div>\n\t\t\t\t\t<\/div>\n\t\t<\/div>\n\t\t\t\t\t\t\t<\/div>\n\t\t<\/section>\n\t\t\t\t<section class=\"elementor-section elementor-top-section elementor-element elementor-element-0eaf4d6 elementor-hidden-desktop elementor-hidden-tablet elementor-section-boxed elementor-section-height-default elementor-section-height-default\" data-id=\"0eaf4d6\" data-element_type=\"section\">\n\t\t\t\t\t\t<div class=\"elementor-container elementor-column-gap-default\">\n\t\t\t\t\t<div class=\"elementor-column elementor-col-50 elementor-top-column elementor-element elementor-element-57d4013 elementor-hidden-desktop elementor-hidden-tablet\" data-id=\"57d4013\" data-element_type=\"column\">\n\t\t\t<div class=\"elementor-widget-wrap elementor-element-populated\">\n\t\t\t\t\t\t\t\t<div class=\"elementor-element elementor-element-eee41d6 elementor-widget elementor-widget-heading\" data-id=\"eee41d6\" data-element_type=\"widget\" data-widget_type=\"heading.default\">\n\t\t\t\t<div class=\"elementor-widget-container\">\n\t\t\t<h2 class=\"elementor-heading-title elementor-size-default\"><a href=\"https:\/\/reputationstandard.com\/fr\/award-ceremony\/\">REMISE DES PRIX <\/a><\/h2>\t\t<\/div>\n\t\t\t\t<\/div>\n\t\t\t\t\t<\/div>\n\t\t<\/div>\n\t\t\t\t<div class=\"elementor-column elementor-col-50 elementor-top-column elementor-element elementor-element-bd28f00 elementor-hidden-desktop elementor-hidden-tablet\" data-id=\"bd28f00\" data-element_type=\"column\">\n\t\t\t<div class=\"elementor-widget-wrap elementor-element-populated\">\n\t\t\t\t\t\t\t\t<div class=\"elementor-element elementor-element-74be7c4 elementor-view-default elementor-widget elementor-widget-icon\" data-id=\"74be7c4\" data-element_type=\"widget\" data-widget_type=\"icon.default\">\n\t\t\t\t<div class=\"elementor-widget-container\">\n\t\t\t\t\t<div class=\"elementor-icon-wrapper\">\n\t\t\t<a class=\"elementor-icon\" href=\"https:\/\/reputationstandard.com\/fr\/award-ceremony\/\">\n\t\t\t<svg xmlns=\"http:\/\/www.w3.org\/2000\/svg\" width=\"29\" height=\"22\" viewbox=\"0 0 29 22\" fill=\"none\"><path d=\"M18.125 22L15.5875 19.3417L22.0219 12.8333H0V9.16667H22.0219L15.5875 2.65833L18.125 0L29 11L18.125 22Z\" fill=\"#334D42\"><\/path><\/svg>\t\t\t<\/a>\n\t\t<\/div>\n\t\t\t\t<\/div>\n\t\t\t\t<\/div>\n\t\t\t\t\t<\/div>\n\t\t<\/div>\n\t\t\t\t\t\t\t<\/div>\n\t\t<\/section>\n\t\t\t\t<section class=\"elementor-section elementor-top-section elementor-element elementor-element-c9aa1f4 elementor-section-boxed elementor-section-height-default elementor-section-height-default\" data-id=\"c9aa1f4\" data-element_type=\"section\">\n\t\t\t\t\t\t<div class=\"elementor-container elementor-column-gap-default\">\n\t\t\t\t\t<div class=\"elementor-column elementor-col-100 elementor-top-column elementor-element elementor-element-cfba710\" data-id=\"cfba710\" data-element_type=\"column\">\n\t\t\t<div class=\"elementor-widget-wrap elementor-element-populated\">\n\t\t\t\t\t\t\t\t<div class=\"elementor-element elementor-element-45d89a8 elementor-widget elementor-widget-spacer\" data-id=\"45d89a8\" data-element_type=\"widget\" data-widget_type=\"spacer.default\">\n\t\t\t\t<div class=\"elementor-widget-container\">\n\t\t\t\t\t<div class=\"elementor-spacer\">\n\t\t\t<div class=\"elementor-spacer-inner\"><\/div>\n\t\t<\/div>\n\t\t\t\t<\/div>\n\t\t\t\t<\/div>\n\t\t\t\t\t<\/div>\n\t\t<\/div>\n\t\t\t\t\t\t\t<\/div>\n\t\t<\/section>\n\t\t\t\t<section class=\"elementor-section elementor-top-section elementor-element elementor-element-1b11e50 elementor-section-boxed elementor-section-height-default elementor-section-height-default\" data-id=\"1b11e50\" data-element_type=\"section\">\n\t\t\t\t\t\t<div class=\"elementor-container elementor-column-gap-custom\">\n\t\t\t\t\t<div class=\"elementor-column elementor-col-100 elementor-top-column elementor-element elementor-element-b0fb77f\" data-id=\"b0fb77f\" data-element_type=\"column\">\n\t\t\t<div class=\"elementor-widget-wrap elementor-element-populated\">\n\t\t\t\t\t\t\t\t<div class=\"elementor-element elementor-element-3885f52 elementor-widget elementor-widget-text-editor\" data-id=\"3885f52\" data-element_type=\"widget\" data-widget_type=\"text-editor.default\">\n\t\t\t\t<div class=\"elementor-widget-container\">\n\t\t\t\t\t<div class=\"elementor-text-editor elementor-clearfix\"><p>Le succ\u00e8s d&#039;une entreprise est le succ\u00e8s de son \u00e9quipe et de son dirigeant.<\/p><p>Nous croyons fermement que la reconnaissance publique de la contribution d&#039;un entrepreneur \u00e0 la soci\u00e9t\u00e9 est l&#039;un des investissements les plus importants que nous puissions faire dans notre avenir collectif.<\/p><p><b>Chaque dirigeant d\u2019entreprise qui r\u00e9ussit m\u00e9rite d\u2019\u00eatre r\u00e9compens\u00e9 par une r\u00e9compense personnelle, car il d\u00e9finit l\u2019orientation de l\u2019entreprise, cr\u00e9e des strat\u00e9gies, constitue des \u00e9quipes efficaces et assume la responsabilit\u00e9 des r\u00e9sultats.<\/b><\/p><p>Par cons\u00e9quent, reconna\u00eetre les r\u00e9alisations et les contributions d\u2019un leader \u00e0 une entreprise est une \u00e9tape naturelle et justifi\u00e9e vers l\u2019atteinte des objectifs de l\u2019entreprise.<\/p><\/div>\n\t\t\t\t<\/div>\n\t\t\t\t<\/div>\n\t\t\t\t\t<\/div>\n\t\t<\/div>\n\t\t\t\t\t\t\t<\/div>\n\t\t<\/section>\n\t\t\t\t<section class=\"elementor-section elementor-top-section elementor-element elementor-element-882ec1f elementor-section-boxed elementor-section-height-default elementor-section-height-default\" data-id=\"882ec1f\" data-element_type=\"section\">\n\t\t\t\t\t\t<div class=\"elementor-container elementor-column-gap-default\">\n\t\t\t\t\t<div class=\"elementor-column elementor-col-100 elementor-top-column elementor-element elementor-element-4290e83\" data-id=\"4290e83\" data-element_type=\"column\">\n\t\t\t<div class=\"elementor-widget-wrap elementor-element-populated\">\n\t\t\t\t\t\t\t\t<div class=\"elementor-element elementor-element-fadac48 elementor-widget elementor-widget-spacer\" data-id=\"fadac48\" data-element_type=\"widget\" data-widget_type=\"spacer.default\">\n\t\t\t\t<div class=\"elementor-widget-container\">\n\t\t\t\t\t<div class=\"elementor-spacer\">\n\t\t\t<div class=\"elementor-spacer-inner\"><\/div>\n\t\t<\/div>\n\t\t\t\t<\/div>\n\t\t\t\t<\/div>\n\t\t\t\t\t<\/div>\n\t\t<\/div>\n\t\t\t\t\t\t\t<\/div>\n\t\t<\/section>\n\t\t\t\t\t\t<\/div>\n\t\t\t\t\t<\/div>","protected":false},"excerpt":{"rendered":"<p>ORDRE \u00c9TOILE DE R\u00c9PUTATION C\u00c9R\u00c9MONIE DE R\u00c9COMPENSE DE HAUTE R\u00c9PUTATION PRIX DE R\u00c9COMPENSE DE HAUTE R\u00c9PUTATION Le succ\u00e8s d&#039;une entreprise est le succ\u00e8s de son \u00e9quipe et de son dirigeant. Nous croyons fermement que la reconnaissance publique de la contribution d&#039;un entrepreneur \u00e0 la soci\u00e9t\u00e9 est l&#039;un des investissements les plus importants que nous puissions faire dans notre collectif [\u2026]<\/p>","protected":false},"author":1,"featured_media":0,"parent":0,"menu_order":0,"comment_status":"closed","ping_status":"closed","template":"elementor_header_footer","meta":{"om_disable_all_campaigns":false,"_joinchat":[]},"aioseo_notices":[],"_links":{"self":[{"href":"https:\/\/reputationstandard.com\/fr\/wp-json\/wp\/v2\/pages\/87"}],"collection":[{"href":"https:\/\/reputationstandard.com\/fr\/wp-json\/wp\/v2\/pages"}],"about":[{"href":"https:\/\/reputationstandard.com\/fr\/wp-json\/wp\/v2\/types\/page"}],"author":[{"embeddable":true,"href":"https:\/\/reputationstandard.com\/fr\/wp-json\/wp\/v2\/users\/1"}],"replies":[{"embeddable":true,"href":"https:\/\/reputationstandard.com\/fr\/wp-json\/wp\/v2\/comments?post=87"}],"version-history":[{"count":6,"href":"https:\/\/reputationstandard.com\/fr\/wp-json\/wp\/v2\/pages\/87\/revisions"}],"predecessor-version":[{"id":3556,"href":"https:\/\/reputationstandard.com\/fr\/wp-json\/wp\/v2\/pages\/87\/revisions\/3556"}],"wp:attachment":[{"href":"https:\/\/reputationstandard.com\/fr\/wp-json\/wp\/v2\/media?parent=87"}],"curies":[{"name":"wp","href":"https:\/\/api.w.org\/{rel}","templated":true}]}}