{"id":75,"date":"2023-04-26T16:14:15","date_gmt":"2023-04-26T16:14:15","guid":{"rendered":"https:\/\/reputationstandard.com\/?page_id=75"},"modified":"2024-05-21T06:40:24","modified_gmt":"2024-05-21T06:40:24","slug":"award-for-high-reputation","status":"publish","type":"page","link":"https:\/\/reputationstandard.com\/fr\/award-for-high-reputation\/","title":{"rendered":"PRIX POUR LA HAUTE R\u00c9PUTATION"},"content":{"rendered":"<div data-elementor-type=\"wp-post\" data-elementor-id=\"75\" class=\"elementor elementor-75\" data-elementor-settings=\"[]\">\n\t\t\t\t\t\t\t<div class=\"elementor-section-wrap\">\n\t\t\t\t\t\t\t<section class=\"elementor-section elementor-top-section elementor-element elementor-element-cdb8526 elementor-section-boxed elementor-section-height-default elementor-section-height-default\" data-id=\"cdb8526\" data-element_type=\"section\">\n\t\t\t\t\t\t<div class=\"elementor-container elementor-column-gap-custom\">\n\t\t\t\t\t<div class=\"elementor-column elementor-col-50 elementor-top-column elementor-element elementor-element-76ceaf8\" data-id=\"76ceaf8\" data-element_type=\"column\">\n\t\t\t<div class=\"elementor-widget-wrap elementor-element-populated\">\n\t\t\t\t\t\t\t\t<div class=\"elementor-element elementor-element-06766e7 elementor-widget elementor-widget-heading\" data-id=\"06766e7\" data-element_type=\"widget\" data-widget_type=\"heading.default\">\n\t\t\t\t<div class=\"elementor-widget-container\">\n\t\t\t<h2 class=\"elementor-heading-title elementor-size-default\">PRIX POUR LA HAUTE R\u00c9PUTATION<\/h2>\t\t<\/div>\n\t\t\t\t<\/div>\n\t\t\t\t\t<\/div>\n\t\t<\/div>\n\t\t\t\t<div class=\"elementor-column elementor-col-50 elementor-top-column elementor-element elementor-element-791e232 elementor-hidden-phone\" data-id=\"791e232\" data-element_type=\"column\">\n\t\t\t<div class=\"elementor-widget-wrap elementor-element-populated\">\n\t\t\t\t\t\t\t\t<div class=\"elementor-element elementor-element-9685575 elementor-position-right elementor-vertical-align-middle elementor-widget__width-initial elementor-view-default elementor-widget elementor-widget-icon-box\" data-id=\"9685575\" data-element_type=\"widget\" data-widget_type=\"icon-box.default\">\n\t\t\t\t<div class=\"elementor-widget-container\">\n\t\t\t\t\t<div class=\"elementor-icon-box-wrapper\">\n\t\t\t\t\t\t<div class=\"elementor-icon-box-icon\">\n\t\t\t\t<a class=\"elementor-icon elementor-animation-\" href=\"https:\/\/reputationstandard.com\/fr\/star-of-reputation-order\/\">\n\t\t\t\t<i aria-hidden=\"true\" class=\"fas fa-arrow-alt-circle-right\"><\/i>\t\t\t\t<\/a>\n\t\t\t<\/div>\n\t\t\t\t\t\t<div class=\"elementor-icon-box-content\">\n\t\t\t\t<h3 class=\"elementor-icon-box-title\">\n\t\t\t\t\t<a href=\"https:\/\/reputationstandard.com\/fr\/star-of-reputation-order\/\"><\/a>\n\t\t\t\t<\/h3>\n\t\t\t\t\t\t\t\t<p class=\"elementor-icon-box-description\"><a style=\"color:white;\" href=\"https:\/\/reputationstandard.com\/fr\/star-of-reputation-order\/\"> ORDRE D&#039;\u00c9TOILES DE R\u00c9PUTATION <\/a><\/p>\n\t\t\t\t\t\t\t<\/div>\n\t\t<\/div>\n\t\t\t\t<\/div>\n\t\t\t\t<\/div>\n\t\t\t\t<div class=\"elementor-element elementor-element-d4a0927 elementor-position-right elementor-vertical-align-middle elementor-widget__width-initial elementor-view-default elementor-widget elementor-widget-icon-box\" data-id=\"d4a0927\" data-element_type=\"widget\" data-widget_type=\"icon-box.default\">\n\t\t\t\t<div class=\"elementor-widget-container\">\n\t\t\t\t\t<div class=\"elementor-icon-box-wrapper\">\n\t\t\t\t\t\t<div class=\"elementor-icon-box-icon\">\n\t\t\t\t<a class=\"elementor-icon elementor-animation-\" href=\"https:\/\/reputationstandard.com\/fr\/award-ceremony\/\">\n\t\t\t\t<i aria-hidden=\"true\" class=\"fas fa-arrow-alt-circle-right\"><\/i>\t\t\t\t<\/a>\n\t\t\t<\/div>\n\t\t\t\t\t\t<div class=\"elementor-icon-box-content\">\n\t\t\t\t<h3 class=\"elementor-icon-box-title\">\n\t\t\t\t\t<a href=\"https:\/\/reputationstandard.com\/fr\/award-ceremony\/\"><\/a>\n\t\t\t\t<\/h3>\n\t\t\t\t\t\t\t\t<p class=\"elementor-icon-box-description\"><a style=\"color:white;\" href=\"https:\/\/reputationstandard.com\/fr\/award-ceremony\/\"> REMISE DES PRIX <\/a>\n <\/p>\n\t\t\t\t\t\t\t<\/div>\n\t\t<\/div>\n\t\t\t\t<\/div>\n\t\t\t\t<\/div>\n\t\t\t\t\t<\/div>\n\t\t<\/div>\n\t\t\t\t\t\t\t<\/div>\n\t\t<\/section>\n\t\t\t\t<section class=\"elementor-section elementor-top-section elementor-element elementor-element-5509f59 elementor-section-boxed elementor-section-height-default elementor-section-height-default\" data-id=\"5509f59\" data-element_type=\"section\">\n\t\t\t\t\t\t<div class=\"elementor-container elementor-column-gap-default\">\n\t\t\t\t\t<div class=\"elementor-column elementor-col-100 elementor-top-column elementor-element elementor-element-284d123\" data-id=\"284d123\" data-element_type=\"column\">\n\t\t\t<div class=\"elementor-widget-wrap elementor-element-populated\">\n\t\t\t\t\t\t\t\t<div class=\"elementor-element elementor-element-cb28bef elementor-widget elementor-widget-shortcode\" data-id=\"cb28bef\" data-element_type=\"widget\" data-widget_type=\"shortcode.default\">\n\t\t\t\t<div class=\"elementor-widget-container\">\n\t\t\t\t\t<div class=\"elementor-shortcode\"><\/div>\n\t\t\t\t<\/div>\n\t\t\t\t<\/div>\n\t\t\t\t\t<\/div>\n\t\t<\/div>\n\t\t\t\t\t\t\t<\/div>\n\t\t<\/section>\n\t\t\t\t<section class=\"elementor-section elementor-top-section elementor-element elementor-element-99f0b4c elementor-hidden-desktop elementor-hidden-tablet elementor-section-boxed elementor-section-height-default elementor-section-height-default\" data-id=\"99f0b4c\" data-element_type=\"section\">\n\t\t\t\t\t\t<div class=\"elementor-container elementor-column-gap-default\">\n\t\t\t\t\t<div class=\"elementor-column elementor-col-50 elementor-top-column elementor-element elementor-element-7f56032 elementor-hidden-desktop elementor-hidden-tablet\" data-id=\"7f56032\" data-element_type=\"column\">\n\t\t\t<div class=\"elementor-widget-wrap elementor-element-populated\">\n\t\t\t\t\t\t\t\t<div class=\"elementor-element elementor-element-e6df09c elementor-widget elementor-widget-heading\" data-id=\"e6df09c\" data-element_type=\"widget\" data-widget_type=\"heading.default\">\n\t\t\t\t<div class=\"elementor-widget-container\">\n\t\t\t<h2 class=\"elementor-heading-title elementor-size-default\"><a href=\"https:\/\/reputationstandard.com\/fr\/star-of-reputation-order\/\">ORDRE D&#039;\u00c9TOILES DE R\u00c9PUTATION<\/a><\/h2>\t\t<\/div>\n\t\t\t\t<\/div>\n\t\t\t\t\t<\/div>\n\t\t<\/div>\n\t\t\t\t<div class=\"elementor-column elementor-col-50 elementor-top-column elementor-element elementor-element-43bfe9e elementor-hidden-desktop elementor-hidden-tablet\" data-id=\"43bfe9e\" data-element_type=\"column\">\n\t\t\t<div class=\"elementor-widget-wrap elementor-element-populated\">\n\t\t\t\t\t\t\t\t<div class=\"elementor-element elementor-element-7d765be elementor-view-default elementor-widget elementor-widget-icon\" data-id=\"7d765be\" data-element_type=\"widget\" data-widget_type=\"icon.default\">\n\t\t\t\t<div class=\"elementor-widget-container\">\n\t\t\t\t\t<div class=\"elementor-icon-wrapper\">\n\t\t\t<a class=\"elementor-icon\" href=\"https:\/\/reputationstandard.com\/fr\/star-of-reputation-order\/\">\n\t\t\t<svg xmlns=\"http:\/\/www.w3.org\/2000\/svg\" width=\"29\" height=\"22\" viewbox=\"0 0 29 22\" fill=\"none\"><path d=\"M18.125 22L15.5875 19.3417L22.0219 12.8333H0V9.16667H22.0219L15.5875 2.65833L18.125 0L29 11L18.125 22Z\" fill=\"#334D42\"><\/path><\/svg>\t\t\t<\/a>\n\t\t<\/div>\n\t\t\t\t<\/div>\n\t\t\t\t<\/div>\n\t\t\t\t\t<\/div>\n\t\t<\/div>\n\t\t\t\t\t\t\t<\/div>\n\t\t<\/section>\n\t\t\t\t<section class=\"elementor-section elementor-top-section elementor-element elementor-element-324f91b elementor-hidden-desktop elementor-hidden-tablet elementor-section-boxed elementor-section-height-default elementor-section-height-default\" data-id=\"324f91b\" data-element_type=\"section\">\n\t\t\t\t\t\t<div class=\"elementor-container elementor-column-gap-default\">\n\t\t\t\t\t<div class=\"elementor-column elementor-col-50 elementor-top-column elementor-element elementor-element-bd68306 elementor-hidden-desktop elementor-hidden-tablet\" data-id=\"bd68306\" data-element_type=\"column\">\n\t\t\t<div class=\"elementor-widget-wrap elementor-element-populated\">\n\t\t\t\t\t\t\t\t<div class=\"elementor-element elementor-element-7f887d6 elementor-widget elementor-widget-heading\" data-id=\"7f887d6\" data-element_type=\"widget\" data-widget_type=\"heading.default\">\n\t\t\t\t<div class=\"elementor-widget-container\">\n\t\t\t<h2 class=\"elementor-heading-title elementor-size-default\"><a href=\"https:\/\/reputationstandard.com\/fr\/award-ceremony\/\">REMISE DES PRIX <\/a><\/h2>\t\t<\/div>\n\t\t\t\t<\/div>\n\t\t\t\t\t<\/div>\n\t\t<\/div>\n\t\t\t\t<div class=\"elementor-column elementor-col-50 elementor-top-column elementor-element elementor-element-2cf9a44 elementor-hidden-desktop elementor-hidden-tablet\" data-id=\"2cf9a44\" data-element_type=\"column\">\n\t\t\t<div class=\"elementor-widget-wrap elementor-element-populated\">\n\t\t\t\t\t\t\t\t<div class=\"elementor-element elementor-element-0de37e9 elementor-view-default elementor-widget elementor-widget-icon\" data-id=\"0de37e9\" data-element_type=\"widget\" data-widget_type=\"icon.default\">\n\t\t\t\t<div class=\"elementor-widget-container\">\n\t\t\t\t\t<div class=\"elementor-icon-wrapper\">\n\t\t\t<a class=\"elementor-icon\" href=\"https:\/\/reputationstandard.com\/fr\/award-ceremony\/\">\n\t\t\t<svg xmlns=\"http:\/\/www.w3.org\/2000\/svg\" width=\"29\" height=\"22\" viewbox=\"0 0 29 22\" fill=\"none\"><path d=\"M18.125 22L15.5875 19.3417L22.0219 12.8333H0V9.16667H22.0219L15.5875 2.65833L18.125 0L29 11L18.125 22Z\" fill=\"#334D42\"><\/path><\/svg>\t\t\t<\/a>\n\t\t<\/div>\n\t\t\t\t<\/div>\n\t\t\t\t<\/div>\n\t\t\t\t\t<\/div>\n\t\t<\/div>\n\t\t\t\t\t\t\t<\/div>\n\t\t<\/section>\n\t\t\t\t<section class=\"elementor-section elementor-top-section elementor-element elementor-element-743f3d9 elementor-section-boxed elementor-section-height-default elementor-section-height-default\" data-id=\"743f3d9\" data-element_type=\"section\">\n\t\t\t\t\t\t<div class=\"elementor-container elementor-column-gap-default\">\n\t\t\t\t\t<div class=\"elementor-column elementor-col-100 elementor-top-column elementor-element elementor-element-149c31a\" data-id=\"149c31a\" data-element_type=\"column\">\n\t\t\t<div class=\"elementor-widget-wrap elementor-element-populated\">\n\t\t\t\t\t\t\t\t<div class=\"elementor-element elementor-element-b78e57a elementor-widget elementor-widget-spacer\" data-id=\"b78e57a\" data-element_type=\"widget\" data-widget_type=\"spacer.default\">\n\t\t\t\t<div class=\"elementor-widget-container\">\n\t\t\t\t\t<div class=\"elementor-spacer\">\n\t\t\t<div class=\"elementor-spacer-inner\"><\/div>\n\t\t<\/div>\n\t\t\t\t<\/div>\n\t\t\t\t<\/div>\n\t\t\t\t\t<\/div>\n\t\t<\/div>\n\t\t\t\t\t\t\t<\/div>\n\t\t<\/section>\n\t\t\t\t<section class=\"elementor-section elementor-top-section elementor-element elementor-element-bda06f3 elementor-hidden-phone elementor-section-boxed elementor-section-height-default elementor-section-height-default\" data-id=\"bda06f3\" data-element_type=\"section\">\n\t\t\t\t\t\t<div class=\"elementor-container elementor-column-gap-custom\">\n\t\t\t\t\t<div class=\"elementor-column elementor-col-100 elementor-top-column elementor-element elementor-element-b08ce87\" data-id=\"b08ce87\" data-element_type=\"column\">\n\t\t\t<div class=\"elementor-widget-wrap elementor-element-populated\">\n\t\t\t\t\t\t\t\t<div class=\"elementor-element elementor-element-2e80938 elementor-widget elementor-widget-text-editor\" data-id=\"2e80938\" data-element_type=\"widget\" data-widget_type=\"text-editor.default\">\n\t\t\t\t<div class=\"elementor-widget-container\">\n\t\t\t\t\t<div class=\"elementor-text-editor elementor-clearfix\"><p>Le prix mondial de haute r\u00e9putation a \u00e9t\u00e9 cr\u00e9\u00e9 par des organisations d&#039;Asie, d&#039;Europe et d&#039;Am\u00e9rique. <br \/>Le Award for High Reputation est le seul prix international au monde r\u00e9compensant une r\u00e9putation commerciale irr\u00e9prochable.<br \/>Le prix est d\u00e9cern\u00e9 pour la mise en \u0153uvre pratique de pratiques commerciales int\u00e8gres et \u00e9thiques.<\/p><p><b>Lorsque nous nous d\u00e9pla\u00e7ons \u00e0 grande vitesse, il est important de pr\u00eater attention \u00e0 chaque victoire que nous remportons dans la vie, aussi insignifiante soit-elle. C\u2019est justement cela qui nous aide \u00e0 ne pas perdre le cap choisi dans le cours turbulent des \u00e9v\u00e9nements. <\/b><\/p><\/div>\n\t\t\t\t<\/div>\n\t\t\t\t<\/div>\n\t\t\t\t\t<\/div>\n\t\t<\/div>\n\t\t\t\t\t\t\t<\/div>\n\t\t<\/section>\n\t\t\t\t<section class=\"elementor-section elementor-top-section elementor-element elementor-element-2ee20e2 elementor-hidden-desktop elementor-hidden-tablet elementor-section-boxed elementor-section-height-default elementor-section-height-default\" data-id=\"2ee20e2\" data-element_type=\"section\">\n\t\t\t\t\t\t<div class=\"elementor-container elementor-column-gap-default\">\n\t\t\t\t\t<div class=\"elementor-column elementor-col-100 elementor-top-column elementor-element elementor-element-a184d55\" data-id=\"a184d55\" data-element_type=\"column\">\n\t\t\t<div class=\"elementor-widget-wrap elementor-element-populated\">\n\t\t\t\t\t\t\t\t<div class=\"elementor-element elementor-element-d8e1cea elementor-widget elementor-widget-text-editor\" data-id=\"d8e1cea\" data-element_type=\"widget\" data-widget_type=\"text-editor.default\">\n\t\t\t\t<div class=\"elementor-widget-container\">\n\t\t\t\t\t<div class=\"elementor-text-editor elementor-clearfix\"><p>Le prix mondial de haute r\u00e9putation a \u00e9t\u00e9 cr\u00e9\u00e9 par des organisations d&#039;Asie, d&#039;Europe et d&#039;Am\u00e9rique. Le Award for High Reputation est le seul prix international au monde r\u00e9compensant une r\u00e9putation commerciale irr\u00e9prochable. <br \/>Le prix est d\u00e9cern\u00e9 pour la mise en \u0153uvre pratique de pratiques commerciales int\u00e8gres et \u00e9thiques.<\/p><p><strong>Lorsque nous nous d\u00e9pla\u00e7ons \u00e0 grande vitesse, il est important de pr\u00eater attention \u00e0 chaque victoire que nous remportons dans la vie, aussi insignifiante soit-elle. C\u2019est justement cela qui nous aide \u00e0 ne pas perdre le cap choisi dans le cours turbulent des \u00e9v\u00e9nements.<\/strong><\/p><\/div>\n\t\t\t\t<\/div>\n\t\t\t\t<\/div>\n\t\t\t\t\t<\/div>\n\t\t<\/div>\n\t\t\t\t\t\t\t<\/div>\n\t\t<\/section>\n\t\t\t\t<section class=\"elementor-section elementor-top-section elementor-element elementor-element-e889760 elementor-section-boxed elementor-section-height-default elementor-section-height-default\" data-id=\"e889760\" data-element_type=\"section\">\n\t\t\t\t\t\t<div class=\"elementor-container elementor-column-gap-default\">\n\t\t\t\t\t<div class=\"elementor-column elementor-col-100 elementor-top-column elementor-element elementor-element-fa0d32f\" data-id=\"fa0d32f\" data-element_type=\"column\">\n\t\t\t<div class=\"elementor-widget-wrap elementor-element-populated\">\n\t\t\t\t\t\t\t\t<div class=\"elementor-element elementor-element-2b36cbd elementor-widget elementor-widget-spacer\" data-id=\"2b36cbd\" data-element_type=\"widget\" data-widget_type=\"spacer.default\">\n\t\t\t\t<div class=\"elementor-widget-container\">\n\t\t\t\t\t<div class=\"elementor-spacer\">\n\t\t\t<div class=\"elementor-spacer-inner\"><\/div>\n\t\t<\/div>\n\t\t\t\t<\/div>\n\t\t\t\t<\/div>\n\t\t\t\t\t<\/div>\n\t\t<\/div>\n\t\t\t\t\t\t\t<\/div>\n\t\t<\/section>\n\t\t\t\t<section class=\"elementor-section elementor-top-section elementor-element elementor-element-d3b005d elementor-section-boxed elementor-section-height-default elementor-section-height-default\" data-id=\"d3b005d\" data-element_type=\"section\">\n\t\t\t\t\t\t<div class=\"elementor-container elementor-column-gap-default\">\n\t\t\t\t\t<div class=\"elementor-column elementor-col-100 elementor-top-column elementor-element elementor-element-426969b\" data-id=\"426969b\" data-element_type=\"column\">\n\t\t\t<div class=\"elementor-widget-wrap\">\n\t\t\t\t\t\t\t\t\t<\/div>\n\t\t<\/div>\n\t\t\t\t\t\t\t<\/div>\n\t\t<\/section>\n\t\t\t\t\t\t<\/div>\n\t\t\t\t\t<\/div>","protected":false},"excerpt":{"rendered":"<p>AWARD FOR HIGH REPUTATION STAR OF REPUTATION ORDER AWARD CEREMONY STAR OF REPUTATION ORDER AWARD CEREMONY The global Award for High Reputation was established by organizations from Asia, Europe, and America. Award for High Reputation is the only international award in the world for impeccable business reputation.The award is given for the practical implementation of [&hellip;]<\/p>","protected":false},"author":1,"featured_media":0,"parent":0,"menu_order":0,"comment_status":"closed","ping_status":"closed","template":"elementor_header_footer","meta":{"om_disable_all_campaigns":false,"_joinchat":[]},"aioseo_notices":[],"_links":{"self":[{"href":"https:\/\/reputationstandard.com\/fr\/wp-json\/wp\/v2\/pages\/75"}],"collection":[{"href":"https:\/\/reputationstandard.com\/fr\/wp-json\/wp\/v2\/pages"}],"about":[{"href":"https:\/\/reputationstandard.com\/fr\/wp-json\/wp\/v2\/types\/page"}],"author":[{"embeddable":true,"href":"https:\/\/reputationstandard.com\/fr\/wp-json\/wp\/v2\/users\/1"}],"replies":[{"embeddable":true,"href":"https:\/\/reputationstandard.com\/fr\/wp-json\/wp\/v2\/comments?post=75"}],"version-history":[{"count":6,"href":"https:\/\/reputationstandard.com\/fr\/wp-json\/wp\/v2\/pages\/75\/revisions"}],"predecessor-version":[{"id":3566,"href":"https:\/\/reputationstandard.com\/fr\/wp-json\/wp\/v2\/pages\/75\/revisions\/3566"}],"wp:attachment":[{"href":"https:\/\/reputationstandard.com\/fr\/wp-json\/wp\/v2\/media?parent=75"}],"curies":[{"name":"wp","href":"https:\/\/api.w.org\/{rel}","templated":true}]}}