{"id":1777,"date":"2023-07-03T15:12:38","date_gmt":"2023-07-03T15:12:38","guid":{"rendered":"https:\/\/reputationstandard.com\/?page_id=1777"},"modified":"2023-08-31T10:37:06","modified_gmt":"2023-08-31T10:37:06","slug":"cookies-notification","status":"publish","type":"page","link":"https:\/\/reputationstandard.com\/fr\/cookies-notification\/","title":{"rendered":"NOTIFICATION DES COOKIES"},"content":{"rendered":"<div data-elementor-type=\"wp-post\" data-elementor-id=\"1777\" class=\"elementor elementor-1777\" data-elementor-settings=\"[]\">\n\t\t\t\t\t\t\t<div class=\"elementor-section-wrap\">\n\t\t\t\t\t\t\t<section class=\"elementor-section elementor-top-section elementor-element elementor-element-86616b8 elementor-section-boxed elementor-section-height-default elementor-section-height-default\" data-id=\"86616b8\" data-element_type=\"section\">\n\t\t\t\t\t\t<div class=\"elementor-container elementor-column-gap-wider\">\n\t\t\t\t\t<div class=\"elementor-column elementor-col-100 elementor-top-column elementor-element elementor-element-e373b50\" data-id=\"e373b50\" data-element_type=\"column\">\n\t\t\t<div class=\"elementor-widget-wrap elementor-element-populated\">\n\t\t\t\t\t\t\t\t<div class=\"elementor-element elementor-element-8a2639d elementor-widget elementor-widget-spacer\" data-id=\"8a2639d\" data-element_type=\"widget\" data-widget_type=\"spacer.default\">\n\t\t\t\t<div class=\"elementor-widget-container\">\n\t\t\t\t\t<div class=\"elementor-spacer\">\n\t\t\t<div class=\"elementor-spacer-inner\"><\/div>\n\t\t<\/div>\n\t\t\t\t<\/div>\n\t\t\t\t<\/div>\n\t\t\t\t<div class=\"elementor-element elementor-element-9e835fe elementor-widget elementor-widget-heading\" data-id=\"9e835fe\" data-element_type=\"widget\" data-widget_type=\"heading.default\">\n\t\t\t\t<div class=\"elementor-widget-container\">\n\t\t\t<h2 class=\"elementor-heading-title elementor-size-default\">NOTIFICATION DES COOKIES <\/h2>\t\t<\/div>\n\t\t\t\t<\/div>\n\t\t\t\t\t<\/div>\n\t\t<\/div>\n\t\t\t\t\t\t\t<\/div>\n\t\t<\/section>\n\t\t\t\t<section class=\"elementor-section elementor-top-section elementor-element elementor-element-676bfee elementor-section-boxed elementor-section-height-default elementor-section-height-default\" data-id=\"676bfee\" data-element_type=\"section\">\n\t\t\t\t\t\t<div class=\"elementor-container elementor-column-gap-wider\">\n\t\t\t\t\t<div class=\"elementor-column elementor-col-100 elementor-top-column elementor-element elementor-element-8d261db\" data-id=\"8d261db\" data-element_type=\"column\">\n\t\t\t<div class=\"elementor-widget-wrap elementor-element-populated\">\n\t\t\t\t\t\t\t\t<div class=\"elementor-element elementor-element-4370c35 elementor-widget elementor-widget-text-editor\" data-id=\"4370c35\" data-element_type=\"widget\" data-widget_type=\"text-editor.default\">\n\t\t\t\t<div class=\"elementor-widget-container\">\n\t\t\t\t\t<div class=\"elementor-text-editor elementor-clearfix\"><p>Standard Chartered Rating GmbH<br \/><a href=\"https:\/\/reputationstandard.com\/fr\/\" target=\"_blank\" rel=\"noopener\">www.reputationstandard.com<\/a><\/p><p>Les cookies sont de petits fichiers texte qu&#039;un site Web transf\u00e8re sur le disque dur ou le navigateur d&#039;un visiteur du site pour des fonctionnalit\u00e9s suppl\u00e9mentaires ou pour suivre l&#039;utilisation du site Web. Nous n&#039;utilisons pas de cookies pour recueillir des informations personnelles telles que le nom ou l&#039;adresse e-mail d&#039;une personne. Afin de mesurer l&#039;efficacit\u00e9 de notre pr\u00e9sence en ligne, les sites Web de The Standard Chartered Rating GmbH peuvent utiliser des cookies pour identifier les visiteurs r\u00e9guliers de notre site et pour d\u00e9terminer le chemin emprunt\u00e9 par les visiteurs sur notre site. Toutes les informations recueillies par l&#039;utilisation de cookies sont compil\u00e9es sur une base globale et anonyme.<\/p><p>L&#039;utilisation de cookies est une norme industrielle et de nombreux sites Web les utilisent. Si vous ne souhaitez pas recevoir de cookies ou si vous souhaitez \u00eatre averti lorsqu&#039;ils sont plac\u00e9s, vous pouvez configurer votre navigateur Web pour qu&#039;il le fasse, si votre navigateur le permet.<\/p><\/div>\n\t\t\t\t<\/div>\n\t\t\t\t<\/div>\n\t\t\t\t<div class=\"elementor-element elementor-element-f6c45ce elementor-widget elementor-widget-spacer\" data-id=\"f6c45ce\" data-element_type=\"widget\" data-widget_type=\"spacer.default\">\n\t\t\t\t<div class=\"elementor-widget-container\">\n\t\t\t\t\t<div class=\"elementor-spacer\">\n\t\t\t<div class=\"elementor-spacer-inner\"><\/div>\n\t\t<\/div>\n\t\t\t\t<\/div>\n\t\t\t\t<\/div>\n\t\t\t\t\t<\/div>\n\t\t<\/div>\n\t\t\t\t\t\t\t<\/div>\n\t\t<\/section>\n\t\t\t\t\t\t<\/div>\n\t\t\t\t\t<\/div>","protected":false},"excerpt":{"rendered":"<p>NOTIFICATION DES COOKIES Standard Chartered Rating GmbHwww.reputationstandard.com Les cookies sont de petits fichiers texte qu&#039;un site Web transf\u00e8re sur le disque dur ou le navigateur d&#039;un visiteur du site pour des fonctionnalit\u00e9s suppl\u00e9mentaires ou pour suivre l&#039;utilisation du site Web. Nous n&#039;utilisons pas de cookies pour recueillir des informations personnelles telles que le nom ou l&#039;adresse e-mail d&#039;une personne. Afin de mesurer le [\u2026]<\/p>","protected":false},"author":1,"featured_media":0,"parent":0,"menu_order":0,"comment_status":"closed","ping_status":"closed","template":"elementor_header_footer","meta":{"om_disable_all_campaigns":false,"_joinchat":[]},"aioseo_notices":[],"_links":{"self":[{"href":"https:\/\/reputationstandard.com\/fr\/wp-json\/wp\/v2\/pages\/1777"}],"collection":[{"href":"https:\/\/reputationstandard.com\/fr\/wp-json\/wp\/v2\/pages"}],"about":[{"href":"https:\/\/reputationstandard.com\/fr\/wp-json\/wp\/v2\/types\/page"}],"author":[{"embeddable":true,"href":"https:\/\/reputationstandard.com\/fr\/wp-json\/wp\/v2\/users\/1"}],"replies":[{"embeddable":true,"href":"https:\/\/reputationstandard.com\/fr\/wp-json\/wp\/v2\/comments?post=1777"}],"version-history":[{"count":0,"href":"https:\/\/reputationstandard.com\/fr\/wp-json\/wp\/v2\/pages\/1777\/revisions"}],"wp:attachment":[{"href":"https:\/\/reputationstandard.com\/fr\/wp-json\/wp\/v2\/media?parent=1777"}],"curies":[{"name":"wp","href":"https:\/\/api.w.org\/{rel}","templated":true}]}}